{"id":102,"date":"2025-05-13T19:17:45","date_gmt":"2025-05-13T19:17:45","guid":{"rendered":"https:\/\/driemedical.com\/index.php\/home\/"},"modified":"2025-06-04T19:50:26","modified_gmt":"2025-06-04T19:50:26","slug":"home","status":"publish","type":"page","link":"https:\/\/driemedical.com\/","title":{"rendered":"Home"},"content":{"rendered":"<h3>Productos y soluciones&#8230;<\/h3>\n<h1>DRIE MEDICAL <br><\/h1>\n<h3>&#8230;para dispositivos m\u00e9dicos!<\/h3><h2><span lang=\"EN-US\" style=\"mso-bidi-font-family:Calibri;\nmso-bidi-theme-font:minor-latin;mso-ansi-language:EN-US\">Gracias a nuestra ampl\u00eda experiencia somos reconocidos como uno de los m\u00e1s experimentados proveedores en el \u00e1rea de EEG, PSG y EMG. <\/span><\/h2><p>Todos nuestros productos han sido evaluados y probados para satisfacer y superar las necesidades de nuestros clientes.<\/p>\n<p><span style=\"color: rgb(255, 255, 255);\">Hemos establecido un standar de calidad en nuestro servicio que es reconocido a nivel nacional.&nbsp; <br><\/span><\/p>\n<p>Brindamos asesor\u00eda personalizada para resolver dudas, preguntas e informaci\u00f3n precisa de nuestros productos y servicios.<\/p>","protected":false},"excerpt":{"rendered":"","protected":false},"author":1,"featured_media":0,"parent":0,"menu_order":0,"comment_status":"closed","ping_status":"closed","template":"","meta":{"pagelayer_contact_templates":[],"_pagelayer_content":"","footnotes":""},"class_list":["post-102","page","type-page","status-publish","hentry"],"_links":{"self":[{"href":"https:\/\/driemedical.com\/index.php\/wp-json\/wp\/v2\/pages\/102","targetHints":{"allow":["GET"]}}],"collection":[{"href":"https:\/\/driemedical.com\/index.php\/wp-json\/wp\/v2\/pages"}],"about":[{"href":"https:\/\/driemedical.com\/index.php\/wp-json\/wp\/v2\/types\/page"}],"author":[{"embeddable":true,"href":"https:\/\/driemedical.com\/index.php\/wp-json\/wp\/v2\/users\/1"}],"replies":[{"embeddable":true,"href":"https:\/\/driemedical.com\/index.php\/wp-json\/wp\/v2\/comments?post=102"}],"version-history":[{"count":19,"href":"https:\/\/driemedical.com\/index.php\/wp-json\/wp\/v2\/pages\/102\/revisions"}],"predecessor-version":[{"id":311,"href":"https:\/\/driemedical.com\/index.php\/wp-json\/wp\/v2\/pages\/102\/revisions\/311"}],"wp:attachment":[{"href":"https:\/\/driemedical.com\/index.php\/wp-json\/wp\/v2\/media?parent=102"}],"curies":[{"name":"wp","href":"https:\/\/api.w.org\/{rel}","templated":true}]}}