{"id":135,"date":"2025-05-16T16:59:27","date_gmt":"2025-05-16T16:59:27","guid":{"rendered":"https:\/\/driemedical.com\/?page_id=135"},"modified":"2025-06-04T18:58:52","modified_gmt":"2025-06-04T18:58:52","slug":"eeg","status":"publish","type":"page","link":"https:\/\/driemedical.com\/index.php\/eeg\/","title":{"rendered":"EEG"},"content":{"rendered":"<h2>ELECTROENCEFALOGRAF\u00cdA<\/h2>\n<p>Electrodos Grass, Electrodos Natus, Pasta TEN20, Pasta Nuprep, Grids para Electrocorticograf\u00eda, Equipo de electroencefalograf\u00eda, Equipo de Video EEG<\/p>\n<p>Equipos para neurodiagn\u00f3stico de 32 \u00f3 m\u00e1s canales, con opciones de video y mapeo espectral<\/p>\n<p>Pasta para limpieza y preparaci\u00f3n de la piel del paciente, presentaci\u00f3n en tubo de 4oz.<\/p>\n<p>Electrodos copa de oro en diferentes medidas y grosor de cable, paquetes de 12 \u00f3 10 piezas.<\/p>\n<p>Gorras para colocaci\u00f3n de electrodos de superficie al paciente, diferentes colores y medidas.<\/p>\n<p>Pasta conductiva para estudios neurofisiologicos en presentaci\u00f3n de 8oz.<\/p>\n<p>Mallas para ECoG de platino \u00f3 acero inoxidable en diferentes configuraciones (4&#215;2, 8&#215;1, 5&#215;4)<\/p>","protected":false},"excerpt":{"rendered":"","protected":false},"author":1,"featured_media":0,"parent":0,"menu_order":0,"comment_status":"closed","ping_status":"closed","template":"","meta":{"pagelayer_contact_templates":[],"_pagelayer_content":"","footnotes":""},"class_list":["post-135","page","type-page","status-publish","hentry"],"_links":{"self":[{"href":"https:\/\/driemedical.com\/index.php\/wp-json\/wp\/v2\/pages\/135","targetHints":{"allow":["GET"]}}],"collection":[{"href":"https:\/\/driemedical.com\/index.php\/wp-json\/wp\/v2\/pages"}],"about":[{"href":"https:\/\/driemedical.com\/index.php\/wp-json\/wp\/v2\/types\/page"}],"author":[{"embeddable":true,"href":"https:\/\/driemedical.com\/index.php\/wp-json\/wp\/v2\/users\/1"}],"replies":[{"embeddable":true,"href":"https:\/\/driemedical.com\/index.php\/wp-json\/wp\/v2\/comments?post=135"}],"version-history":[{"count":22,"href":"https:\/\/driemedical.com\/index.php\/wp-json\/wp\/v2\/pages\/135\/revisions"}],"predecessor-version":[{"id":290,"href":"https:\/\/driemedical.com\/index.php\/wp-json\/wp\/v2\/pages\/135\/revisions\/290"}],"wp:attachment":[{"href":"https:\/\/driemedical.com\/index.php\/wp-json\/wp\/v2\/media?parent=135"}],"curies":[{"name":"wp","href":"https:\/\/api.w.org\/{rel}","templated":true}]}}