{"id":138,"date":"2025-05-16T17:00:13","date_gmt":"2025-05-16T17:00:13","guid":{"rendered":"https:\/\/driemedical.com\/?page_id=138"},"modified":"2025-06-04T19:11:57","modified_gmt":"2025-06-04T19:11:57","slug":"psg","status":"publish","type":"page","link":"https:\/\/driemedical.com\/index.php\/psg\/","title":{"rendered":"PSG"},"content":{"rendered":"<h2>POLISOMNOGRAF\u00cdA<\/h2>\n<p>Equipos para Polisomnograf\u00eda, CPAP para titulaci\u00f3n, Capnografos para monitoreo, Sensores para estudios de sue\u00f1o, Colodi\u00f3n y Pastas conductivas, Termistores, Bandas para esfuerzo respiratorio, Sensores de ronquidos, Sensores de posici\u00f3n, Oximetros de pulso, C\u00e1nulas e insumos.<\/p><p>Equipo para estudios de sue\u00f1o, con interfaz para CPAP, Capnograf\u00eda y video<\/p>\n<p>Dispositivos para captar ronquidos de paciente para estudios de sue\u00f1o.<\/p>\n<p>Equipos para tratamiento y estudios de apnea del sue\u00f1o, con opciones de interfaz, mascarilla e interfaz a equipo de PSG<\/p>\n<p>Sensores para captar el flujo respiratorio abdominal o tor\u00e1cico del paciente.<\/p>\n<p>Equipos para monitoreo de CO2 de paciente, con opciones de interfaz para polisomn\u00f3grafo<\/p>\n<p>Termistores para detectar la respiraci\u00f3n nasal u oral del paciente durante los estudios del sue\u00f1o.<\/p>","protected":false},"excerpt":{"rendered":"","protected":false},"author":1,"featured_media":0,"parent":0,"menu_order":0,"comment_status":"closed","ping_status":"closed","template":"","meta":{"pagelayer_contact_templates":[],"_pagelayer_content":"","footnotes":""},"class_list":["post-138","page","type-page","status-publish","hentry"],"_links":{"self":[{"href":"https:\/\/driemedical.com\/index.php\/wp-json\/wp\/v2\/pages\/138","targetHints":{"allow":["GET"]}}],"collection":[{"href":"https:\/\/driemedical.com\/index.php\/wp-json\/wp\/v2\/pages"}],"about":[{"href":"https:\/\/driemedical.com\/index.php\/wp-json\/wp\/v2\/types\/page"}],"author":[{"embeddable":true,"href":"https:\/\/driemedical.com\/index.php\/wp-json\/wp\/v2\/users\/1"}],"replies":[{"embeddable":true,"href":"https:\/\/driemedical.com\/index.php\/wp-json\/wp\/v2\/comments?post=138"}],"version-history":[{"count":13,"href":"https:\/\/driemedical.com\/index.php\/wp-json\/wp\/v2\/pages\/138\/revisions"}],"predecessor-version":[{"id":300,"href":"https:\/\/driemedical.com\/index.php\/wp-json\/wp\/v2\/pages\/138\/revisions\/300"}],"wp:attachment":[{"href":"https:\/\/driemedical.com\/index.php\/wp-json\/wp\/v2\/media?parent=138"}],"curies":[{"name":"wp","href":"https:\/\/api.w.org\/{rel}","templated":true}]}}