{"id":142,"date":"2025-05-16T16:54:37","date_gmt":"2025-05-16T16:54:37","guid":{"rendered":"https:\/\/driemedical.com\/?page_id=142"},"modified":"2025-06-04T18:55:11","modified_gmt":"2025-06-04T18:55:11","slug":"ecg","status":"publish","type":"page","link":"https:\/\/driemedical.com\/index.php\/ecg\/","title":{"rendered":"ECG"},"content":{"rendered":"<h2>ELECTROCARDIOGRAF\u00cdA<\/h2>\n<p>Equipos para electrocardiograf\u00eda, Electrodos de parche, Electrodos para pruebas de esfuerzo, Electrodos de parche para pruebas en Resonancia m\u00e1gnetica. Electrodos de chup\u00f3n,&nbsp; Papel para impresi\u00f3n, Gel conductor.<\/p><p>Electrocardi\u00f3grafo de 12 canales y desfibrilador externo autom\u00e1tico.<\/p>\n<p>Papel t\u00e9rmico para electrocardi\u00f3grafo, rollo de 50 milimetros de ancho por 30 metros de largo. Marca PCI.<\/p>\n<p>Papel Quinton cuadriculado rojo&nbsp;<\/p><p>Paquete con 200 hojas<\/p>\n<p>Electrodos para monitoreo de ECG para pruebas de esfuerzo y reposo.<\/p>\n<p>Electrodos para monitoreo de ECG para pruebas de esfuerzo y reposo para ni\u00f1os.<\/p>\n<p>Papel de tres canales tama\u00f1o carta, compatible con Philips, paquete con 200 hojas.<\/p>\n<p>Electrodos con conector radiol\u00facido apto para uso en rayos x y resonancia magn\u00e9tica.<\/p>\n<p>Papel Mortara tama\u00f1o carta cuadriculado rojo Paquete con 300 hojas&nbsp;<\/p>\n<p>Papel tama\u00f1o carta cuadriculado rojo, paquete con 200 hojas.<\/p><p>PCI-M3707-A<\/p>","protected":false},"excerpt":{"rendered":"","protected":false},"author":1,"featured_media":0,"parent":0,"menu_order":0,"comment_status":"closed","ping_status":"closed","template":"","meta":{"pagelayer_contact_templates":[],"_pagelayer_content":"","footnotes":""},"class_list":["post-142","page","type-page","status-publish","hentry"],"_links":{"self":[{"href":"https:\/\/driemedical.com\/index.php\/wp-json\/wp\/v2\/pages\/142","targetHints":{"allow":["GET"]}}],"collection":[{"href":"https:\/\/driemedical.com\/index.php\/wp-json\/wp\/v2\/pages"}],"about":[{"href":"https:\/\/driemedical.com\/index.php\/wp-json\/wp\/v2\/types\/page"}],"author":[{"embeddable":true,"href":"https:\/\/driemedical.com\/index.php\/wp-json\/wp\/v2\/users\/1"}],"replies":[{"embeddable":true,"href":"https:\/\/driemedical.com\/index.php\/wp-json\/wp\/v2\/comments?post=142"}],"version-history":[{"count":23,"href":"https:\/\/driemedical.com\/index.php\/wp-json\/wp\/v2\/pages\/142\/revisions"}],"predecessor-version":[{"id":284,"href":"https:\/\/driemedical.com\/index.php\/wp-json\/wp\/v2\/pages\/142\/revisions\/284"}],"wp:attachment":[{"href":"https:\/\/driemedical.com\/index.php\/wp-json\/wp\/v2\/media?parent=142"}],"curies":[{"name":"wp","href":"https:\/\/api.w.org\/{rel}","templated":true}]}}